{"id":57,"date":"2014-03-25T17:43:39","date_gmt":"2014-03-25T17:43:39","guid":{"rendered":"http:\/\/messebau-werbung.de\/?page_id=57"},"modified":"2017-02-22T16:09:30","modified_gmt":"2017-02-22T16:09:30","slug":"frontpage","status":"publish","type":"page","link":"https:\/\/messebau-werbung.de\/","title":{"rendered":"Home"},"content":{"rendered":"<p style=\"text-align: left;\"><div class=\"fullwidth-content\"><div class=\"three-columns-one\"><div class=\"white-box\"><strong>Beratung, Konzepte, Ideenfindung, Kundenbetreuung und Organisation des umfangreichen und komplexen Auftrages<br \/>\n\u2013 Full Service \u2013<\/strong><\/div><div class=\"white-box\"><strong><a href=\"http:\/\/messebau-werbung.de\/?page_id=24\">Eventbau &amp; Veranstaltungen<\/a><\/strong><br \/>\nIdeen, Planung, einholen von Genehmigungen, Organisation der technischen Abl\u00e4ufe, Durchf\u00fchrung der Veranstaltung, Ausstattung, komplexe Leistung, Herstellung und Vermietung von Deko-Elementen<\/div><div class=\"white-box\"><strong><a href=\"http:\/\/messebau-werbung.de\/?page_id=34\">Sonderanfertigungen<\/a><\/strong><br \/>\nL\u00f6sung komplexer Aufgaben<\/div><\/div><\/p>\n<div class=\"three-columns-one\"><div class=\"white-box\"><a href=\"http:\/\/messebau-werbung.de\/?page_id=28\">Messebau<br \/>\n<\/a>Planung und Entwicklung und Fertigung kompletter Messest\u00e4nde, Mietmobilar, Messedienstleistung \u2013 Full Service<\/div><div class=\"white-box\"><a href=\"http:\/\/messebau-werbung.de\/?page_id=30\">Werbung<br \/>\n<\/a>Ideen, Entw\u00fcrfe, Herstellung und Montage<\/div><div class=\"white-box\"><a href=\"http:\/\/messebau-werbung.de\/?page_id=32\">Promotion &amp; -Service<br \/>\n<\/a>Aufbau, Montage, Logistik, Transporte, Personal, Lagerhaltung \u2013 Full Service<\/div><\/div>\n<p><div class=\"three-columns-one\"><div class=\"white-box\"><a href=\"http:\/\/messebau-werbung.de\/?page_id=468\">Planung &amp; Design<br \/>\n<\/a>Entwurf, Scribble, Visualisierung, Animation und Modellbau, Ablauf und Detailplanung, Erstellung und Abwicklung der Genehmigung, Bauzeichnung und Statischer Nachweis<\/div><div class=\"white-box\"><a href=\"http:\/\/messebau-werbung.de\/?page_id=36\">Vermietung<br \/>\n<\/a>Werbetr\u00e4ger, M\u00f6bel und Ausstattung, Sportger\u00e4te und -spiele, Dekoration<\/div><\/div><\/div><\/p>\n","protected":false},"excerpt":{"rendered":"","protected":false},"author":1,"featured_media":0,"parent":0,"menu_order":1,"comment_status":"closed","ping_status":"closed","template":"","meta":[],"_links":{"self":[{"href":"https:\/\/messebau-werbung.de\/index.php?rest_route=\/wp\/v2\/pages\/57"}],"collection":[{"href":"https:\/\/messebau-werbung.de\/index.php?rest_route=\/wp\/v2\/pages"}],"about":[{"href":"https:\/\/messebau-werbung.de\/index.php?rest_route=\/wp\/v2\/types\/page"}],"author":[{"embeddable":true,"href":"https:\/\/messebau-werbung.de\/index.php?rest_route=\/wp\/v2\/users\/1"}],"replies":[{"embeddable":true,"href":"https:\/\/messebau-werbung.de\/index.php?rest_route=%2Fwp%2Fv2%2Fcomments&post=57"}],"version-history":[{"count":116,"href":"https:\/\/messebau-werbung.de\/index.php?rest_route=\/wp\/v2\/pages\/57\/revisions"}],"predecessor-version":[{"id":1389,"href":"https:\/\/messebau-werbung.de\/index.php?rest_route=\/wp\/v2\/pages\/57\/revisions\/1389"}],"wp:attachment":[{"href":"https:\/\/messebau-werbung.de\/index.php?rest_route=%2Fwp%2Fv2%2Fmedia&parent=57"}],"curies":[{"name":"wp","href":"https:\/\/api.w.org\/{rel}","templated":true}]}}