{"id":34,"date":"2014-03-05T19:33:58","date_gmt":"2014-03-05T19:33:58","guid":{"rendered":"http:\/\/messebau-werbung.de\/?page_id=34"},"modified":"2016-02-26T16:57:52","modified_gmt":"2016-02-26T16:57:52","slug":"sonderanfertigung","status":"publish","type":"page","link":"http:\/\/messebau-werbung.de\/?page_id=34","title":{"rendered":"Sonderprojekte"},"content":{"rendered":"<p><h2 class=\"centered\"><span>Biertauscher 2013<\/span><\/h2><br \/>\n<div class=\"two-columns-one\"><strong>Kunde:<\/strong> Krostitzer Brauerei<br \/>\n<strong>Projekt:<\/strong> Umbau Motorradgespanne zu Promotionbikes<br \/>\n<strong>Ziel:<\/strong> Wie bringe ich gek\u00fchltes Bier an den Endverbraucher?<\/div><div class=\"two-columns-one\">\n<strong>L\u00f6sung:<\/strong> Die nostalgische Motorradgespanne MZ ES 250 vom Baujahr 1969 wurden restauriert und mit einem Eisschrank (handels\u00fcbliche K\u00fchlschr\u00e4nke) als Seitenwagen versehen. Die Lackierung und Gestaltung ist im Ur-Kostitzer-Design. Die DEKRA nahm die Motorradgespanne ab und die Biertauscher-Promotion konnte starten.<\/div><\/p>\n<p>&nbsp;<\/p>\n\r\n<div class='gallery'><dl class='gallery-item'>\n\t\t\t<dt class='gallery-icon landscape'>\n\t\t\t\t<a href='http:\/\/messebau-werbung.de\/wp-content\/uploads\/2014\/06\/bild1.jpg'><img width=\"300\" height=\"300\" src=\"http:\/\/messebau-werbung.de\/wp-content\/uploads\/2014\/06\/bild1-300x300.jpg\" class=\"attachment-thumbnail size-thumbnail\" alt=\"\" decoding=\"async\" loading=\"lazy\" srcset=\"http:\/\/messebau-werbung.de\/wp-content\/uploads\/2014\/06\/bild1-300x300.jpg 300w, http:\/\/messebau-werbung.de\/wp-content\/uploads\/2014\/06\/bild1-450x450.jpg 450w\" sizes=\"(max-width: 300px) 100vw, 300px\" \/><\/a>\n\t\t\t<\/dt><\/dl><dl class='gallery-item'>\n\t\t\t<dt class='gallery-icon landscape'>\n\t\t\t\t<a href='http:\/\/messebau-werbung.de\/wp-content\/uploads\/2014\/06\/bild14.jpg'><img width=\"300\" height=\"300\" src=\"http:\/\/messebau-werbung.de\/wp-content\/uploads\/2014\/06\/bild14-300x300.jpg\" class=\"attachment-thumbnail size-thumbnail\" alt=\"\" decoding=\"async\" loading=\"lazy\" srcset=\"http:\/\/messebau-werbung.de\/wp-content\/uploads\/2014\/06\/bild14-300x300.jpg 300w, http:\/\/messebau-werbung.de\/wp-content\/uploads\/2014\/06\/bild14-450x450.jpg 450w\" sizes=\"(max-width: 300px) 100vw, 300px\" \/><\/a>\n\t\t\t<\/dt><\/dl><dl class='gallery-item'>\n\t\t\t<dt class='gallery-icon landscape'>\n\t\t\t\t<a href='http:\/\/messebau-werbung.de\/wp-content\/uploads\/2014\/06\/bild13.jpg'><img width=\"300\" height=\"300\" src=\"http:\/\/messebau-werbung.de\/wp-content\/uploads\/2014\/06\/bild13-300x300.jpg\" class=\"attachment-thumbnail size-thumbnail\" alt=\"\" decoding=\"async\" loading=\"lazy\" srcset=\"http:\/\/messebau-werbung.de\/wp-content\/uploads\/2014\/06\/bild13-300x300.jpg 300w, http:\/\/messebau-werbung.de\/wp-content\/uploads\/2014\/06\/bild13-450x450.jpg 450w\" sizes=\"(max-width: 300px) 100vw, 300px\" \/><\/a>\n\t\t\t<\/dt><\/dl><br style=\"clear: both\" \/><dl class='gallery-item'>\n\t\t\t<dt class='gallery-icon landscape'>\n\t\t\t\t<a href='http:\/\/messebau-werbung.de\/wp-content\/uploads\/2014\/06\/bild10.jpg'><img width=\"300\" height=\"300\" src=\"http:\/\/messebau-werbung.de\/wp-content\/uploads\/2014\/06\/bild10-300x300.jpg\" class=\"attachment-thumbnail size-thumbnail\" alt=\"\" decoding=\"async\" loading=\"lazy\" srcset=\"http:\/\/messebau-werbung.de\/wp-content\/uploads\/2014\/06\/bild10-300x300.jpg 300w, http:\/\/messebau-werbung.de\/wp-content\/uploads\/2014\/06\/bild10-450x450.jpg 450w\" sizes=\"(max-width: 300px) 100vw, 300px\" \/><\/a>\n\t\t\t<\/dt><\/dl><dl class='gallery-item'>\n\t\t\t<dt class='gallery-icon landscape'>\n\t\t\t\t<a href='http:\/\/messebau-werbung.de\/wp-content\/uploads\/2014\/06\/bild11.jpg'><img width=\"300\" height=\"300\" src=\"http:\/\/messebau-werbung.de\/wp-content\/uploads\/2014\/06\/bild11-300x300.jpg\" class=\"attachment-thumbnail size-thumbnail\" alt=\"\" decoding=\"async\" loading=\"lazy\" srcset=\"http:\/\/messebau-werbung.de\/wp-content\/uploads\/2014\/06\/bild11-300x300.jpg 300w, http:\/\/messebau-werbung.de\/wp-content\/uploads\/2014\/06\/bild11-450x450.jpg 450w\" sizes=\"(max-width: 300px) 100vw, 300px\" \/><\/a>\n\t\t\t<\/dt><\/dl><dl class='gallery-item'>\n\t\t\t<dt class='gallery-icon landscape'>\n\t\t\t\t<a href='http:\/\/messebau-werbung.de\/wp-content\/uploads\/2014\/06\/bild9.jpg'><img width=\"300\" height=\"300\" src=\"http:\/\/messebau-werbung.de\/wp-content\/uploads\/2014\/06\/bild9-300x300.jpg\" class=\"attachment-thumbnail size-thumbnail\" alt=\"\" decoding=\"async\" loading=\"lazy\" srcset=\"http:\/\/messebau-werbung.de\/wp-content\/uploads\/2014\/06\/bild9-300x300.jpg 300w, http:\/\/messebau-werbung.de\/wp-content\/uploads\/2014\/06\/bild9-450x450.jpg 450w\" sizes=\"(max-width: 300px) 100vw, 300px\" \/><\/a>\n\t\t\t<\/dt><\/dl><br style=\"clear: both\" \/><dl class='gallery-item'>\n\t\t\t<dt class='gallery-icon landscape'>\n\t\t\t\t<a href='http:\/\/messebau-werbung.de\/wp-content\/uploads\/2014\/06\/bild8.jpg'><img width=\"300\" height=\"300\" src=\"http:\/\/messebau-werbung.de\/wp-content\/uploads\/2014\/06\/bild8-300x300.jpg\" class=\"attachment-thumbnail size-thumbnail\" alt=\"\" decoding=\"async\" loading=\"lazy\" srcset=\"http:\/\/messebau-werbung.de\/wp-content\/uploads\/2014\/06\/bild8-300x300.jpg 300w, http:\/\/messebau-werbung.de\/wp-content\/uploads\/2014\/06\/bild8-450x450.jpg 450w\" sizes=\"(max-width: 300px) 100vw, 300px\" \/><\/a>\n\t\t\t<\/dt><\/dl><dl class='gallery-item'>\n\t\t\t<dt class='gallery-icon landscape'>\n\t\t\t\t<a href='http:\/\/messebau-werbung.de\/wp-content\/uploads\/2014\/06\/bild7.jpg'><img width=\"300\" height=\"300\" src=\"http:\/\/messebau-werbung.de\/wp-content\/uploads\/2014\/06\/bild7-300x300.jpg\" class=\"attachment-thumbnail size-thumbnail\" alt=\"\" decoding=\"async\" loading=\"lazy\" srcset=\"http:\/\/messebau-werbung.de\/wp-content\/uploads\/2014\/06\/bild7-300x300.jpg 300w, http:\/\/messebau-werbung.de\/wp-content\/uploads\/2014\/06\/bild7-450x450.jpg 450w\" sizes=\"(max-width: 300px) 100vw, 300px\" \/><\/a>\n\t\t\t<\/dt><\/dl><dl class='gallery-item'>\n\t\t\t<dt class='gallery-icon landscape'>\n\t\t\t\t<a href='http:\/\/messebau-werbung.de\/wp-content\/uploads\/2014\/06\/bild4.jpg'><img width=\"300\" height=\"300\" src=\"http:\/\/messebau-werbung.de\/wp-content\/uploads\/2014\/06\/bild4-300x300.jpg\" class=\"attachment-thumbnail size-thumbnail\" alt=\"\" decoding=\"async\" loading=\"lazy\" srcset=\"http:\/\/messebau-werbung.de\/wp-content\/uploads\/2014\/06\/bild4-300x300.jpg 300w, http:\/\/messebau-werbung.de\/wp-content\/uploads\/2014\/06\/bild4-450x450.jpg 450w\" sizes=\"(max-width: 300px) 100vw, 300px\" \/><\/a>\n\t\t\t<\/dt><\/dl><br style=\"clear: both\" \/><dl class='gallery-item'>\n\t\t\t<dt class='gallery-icon portrait'>\n\t\t\t\t<a href='http:\/\/messebau-werbung.de\/wp-content\/uploads\/2014\/06\/bild5.jpg'><img width=\"300\" height=\"300\" src=\"http:\/\/messebau-werbung.de\/wp-content\/uploads\/2014\/06\/bild5-300x300.jpg\" class=\"attachment-thumbnail size-thumbnail\" alt=\"\" decoding=\"async\" loading=\"lazy\" srcset=\"http:\/\/messebau-werbung.de\/wp-content\/uploads\/2014\/06\/bild5-300x300.jpg 300w, http:\/\/messebau-werbung.de\/wp-content\/uploads\/2014\/06\/bild5-450x450.jpg 450w\" sizes=\"(max-width: 300px) 100vw, 300px\" \/><\/a>\n\t\t\t<\/dt><\/dl><dl class='gallery-item'>\n\t\t\t<dt class='gallery-icon landscape'>\n\t\t\t\t<a href='http:\/\/messebau-werbung.de\/wp-content\/uploads\/2014\/06\/bild3.jpg'><img width=\"300\" height=\"300\" src=\"http:\/\/messebau-werbung.de\/wp-content\/uploads\/2014\/06\/bild3-300x300.jpg\" class=\"attachment-thumbnail size-thumbnail\" alt=\"\" decoding=\"async\" loading=\"lazy\" srcset=\"http:\/\/messebau-werbung.de\/wp-content\/uploads\/2014\/06\/bild3-300x300.jpg 300w, http:\/\/messebau-werbung.de\/wp-content\/uploads\/2014\/06\/bild3-450x450.jpg 450w\" sizes=\"(max-width: 300px) 100vw, 300px\" \/><\/a>\n\t\t\t<\/dt><\/dl><dl class='gallery-item'>\n\t\t\t<dt class='gallery-icon landscape'>\n\t\t\t\t<a href='http:\/\/messebau-werbung.de\/wp-content\/uploads\/2014\/06\/biertausch10.jpg'><img width=\"300\" height=\"300\" src=\"http:\/\/messebau-werbung.de\/wp-content\/uploads\/2014\/06\/biertausch10-300x300.jpg\" class=\"attachment-thumbnail size-thumbnail\" alt=\"\" decoding=\"async\" loading=\"lazy\" srcset=\"http:\/\/messebau-werbung.de\/wp-content\/uploads\/2014\/06\/biertausch10-300x300.jpg 300w, http:\/\/messebau-werbung.de\/wp-content\/uploads\/2014\/06\/biertausch10-450x450.jpg 450w\" sizes=\"(max-width: 300px) 100vw, 300px\" \/><\/a>\n\t\t\t<\/dt><\/dl><br style=\"clear: both\" \/>\n\t\t<\/div>\n\n","protected":false},"excerpt":{"rendered":"<p>&nbsp;<\/p>\n","protected":false},"author":1,"featured_media":0,"parent":0,"menu_order":0,"comment_status":"closed","ping_status":"closed","template":"page-templates\/full-width.php","meta":[],"_links":{"self":[{"href":"http:\/\/messebau-werbung.de\/index.php?rest_route=\/wp\/v2\/pages\/34"}],"collection":[{"href":"http:\/\/messebau-werbung.de\/index.php?rest_route=\/wp\/v2\/pages"}],"about":[{"href":"http:\/\/messebau-werbung.de\/index.php?rest_route=\/wp\/v2\/types\/page"}],"author":[{"embeddable":true,"href":"http:\/\/messebau-werbung.de\/index.php?rest_route=\/wp\/v2\/users\/1"}],"replies":[{"embeddable":true,"href":"http:\/\/messebau-werbung.de\/index.php?rest_route=%2Fwp%2Fv2%2Fcomments&post=34"}],"version-history":[{"count":25,"href":"http:\/\/messebau-werbung.de\/index.php?rest_route=\/wp\/v2\/pages\/34\/revisions"}],"predecessor-version":[{"id":1368,"href":"http:\/\/messebau-werbung.de\/index.php?rest_route=\/wp\/v2\/pages\/34\/revisions\/1368"}],"wp:attachment":[{"href":"http:\/\/messebau-werbung.de\/index.php?rest_route=%2Fwp%2Fv2%2Fmedia&parent=34"}],"curies":[{"name":"wp","href":"https:\/\/api.w.org\/{rel}","templated":true}]}}